{"id":81,"date":"2020-11-03T06:09:36","date_gmt":"2020-11-03T06:09:36","guid":{"rendered":"https:\/\/justice.divifixer.com\/?page_id=6969"},"modified":"2025-10-03T19:27:46","modified_gmt":"2025-10-03T19:27:46","slug":"takohuni-me-ekipin-tone","status":"publish","type":"page","link":"https:\/\/mayfairslaw.com\/sq\/meet-our-team\/","title":{"rendered":"Takoni Ekipin Ton\u00eb"},"content":{"rendered":"<p>[et_pb_section fb_built=&#8221;1&#8243; _builder_version=&#8221;4.16&#8243; background_color=&#8221;rgba(0,0,0,0.42)&#8221; background_image=&#8221;https:\/\/mayfairslaw.com\/wp-content\/uploads\/2023\/12\/divi-justice-theme-01.jpg&#8221; background_blend=&#8221;overlay&#8221; height=&#8221;100%&#8221; custom_padding=&#8221;||0px|||&#8221; locked=&#8221;off&#8221; global_colors_info=&#8221;{}&#8221;][et_pb_row use_custom_gutter=&#8221;on&#8221; gutter_width=&#8221;2&#8243; _builder_version=&#8221;4.16&#8243; width=&#8221;90%&#8221; max_width=&#8221;1170px&#8221; global_colors_info=&#8221;{}&#8221;][et_pb_column type=&#8221;4_4&#8243; _builder_version=&#8221;4.16&#8243; global_colors_info=&#8221;{}&#8221;][et_pb_text module_class=&#8221;dct_p_hdr&#8221; _builder_version=&#8221;4.25.0&#8243; _dynamic_attributes=&#8221;content&#8221; global_colors_info=&#8221;{}&#8221;]@ET-DC@eyJkeW5hbWljIjp0cnVlLCJjb250ZW50IjoicG9zdF90aXRsZSIsInNldHRpbmdzIjp7ImJlZm9yZSI6IiIsImFmdGVyIjoiIn19@[\/et_pb_text][et_pb_text module_class=&#8221;dct_breadcrumb&#8221; _builder_version=&#8221;4.25.0&#8243; ul_font=&#8221;Merriweather||||||||&#8221; header_2_font=&#8221;Merriweather||||||||&#8221; header_3_font=&#8221;Merriweather||||||||&#8221; header_4_font=&#8221;Merriweather||||||||&#8221; header_5_font=&#8221;Merriweather||||||||&#8221; header_6_font=&#8221;Merriweather||||||||&#8221; custom_margin_tablet=&#8221;&#8221; custom_margin_phone=&#8221;&#8221; custom_margin_last_edited=&#8221;on|desktop&#8221; global_colors_info=&#8221;{}&#8221;]<\/p>\n<ol>\n<li><a href=\"https:\/\/mayfairslaw.com\/\">Home<\/a><\/li>\n<li class=\"active\">Meet our team<\/li>\n<\/ol>\n<p>[\/et_pb_text][\/et_pb_column][\/et_pb_row][\/et_pb_section][et_pb_section fb_built=&#8221;1&#8243; _builder_version=&#8221;4.27.4&#8243; min_height=&#8221;134px&#8221; custom_padding=&#8221;2px||0px|||&#8221; locked=&#8221;off&#8221; global_colors_info=&#8221;{}&#8221;][et_pb_row _builder_version=&#8221;4.27.4&#8243; width=&#8221;90%&#8221; max_width=&#8221;1360px&#8221; min_height=&#8221;135px&#8221; global_colors_info=&#8221;{}&#8221;][et_pb_column type=&#8221;4_4&#8243; _builder_version=&#8221;4.27.4&#8243; global_colors_info=&#8221;{}&#8221;][et_pb_text module_class=&#8221;dct_title center&#8221; _builder_version=&#8221;4.27.4&#8243; background_color=&#8221;RGBA(255,255,255,0)&#8221; text_orientation=&#8221;center&#8221; custom_padding=&#8221;||10px||false|false&#8221; global_colors_info=&#8221;{}&#8221;]<\/p>\n<h4>Our Solictors<\/h4>\n<h2><span style=\"color: #ffffff;\">MEET OUR TEAM<\/span><\/h2>\n<p>[\/et_pb_text][\/et_pb_column][\/et_pb_row][\/et_pb_section][et_pb_section fb_built=&#8221;1&#8243; _builder_version=&#8221;4.27.4&#8243; _module_preset=&#8221;default&#8221; width=&#8221;100%&#8221; custom_margin=&#8221;||-73px|||&#8221; custom_padding=&#8221;0px|||||&#8221; global_colors_info=&#8221;{}&#8221;][et_pb_row _builder_version=&#8221;4.27.4&#8243; _module_preset=&#8221;default&#8221; global_colors_info=&#8221;{}&#8221;][et_pb_column type=&#8221;4_4&#8243; _builder_version=&#8221;4.27.4&#8243; _module_preset=&#8221;default&#8221; global_colors_info=&#8221;{}&#8221;][et_pb_image src=&#8221;https:\/\/mayfairslaw.com\/wp-content\/uploads\/2025\/10\/zxfd.jpg&#8221; title_text=&#8221;zxfd&#8221; _builder_version=&#8221;4.27.4&#8243; _module_preset=&#8221;default&#8221; width=&#8221;84.2%&#8221; custom_padding=&#8221;|||186px||&#8221; global_colors_info=&#8221;{}&#8221;][\/et_pb_image][\/et_pb_column][\/et_pb_row][et_pb_row _builder_version=&#8221;4.27.4&#8243; _module_preset=&#8221;default&#8221;][et_pb_column _builder_version=&#8221;4.27.4&#8243; _module_preset=&#8221;default&#8221; type=&#8221;4_4&#8243;][dipl_double_color_heading _builder_version=&#8221;4.27.4&#8243; _module_preset=&#8221;default&#8221; heading_pre_part=&#8221;MAYFAIRS LAW SOLICITORS&#8221; global_heading_settings_text_align=&#8221;center&#8221; background_color=&#8221;#F6D347&#8243; hover_enabled=&#8221;0&#8243; sticky_enabled=&#8221;0&#8243;][\/dipl_double_color_heading][\/et_pb_column][\/et_pb_row][\/et_pb_section][et_pb_section fb_built=&#8221;1&#8243; _builder_version=&#8221;4.27.4&#8243; _module_preset=&#8221;default&#8221; min_height=&#8221;591.5px&#8221; custom_margin=&#8221;15px|||||&#8221; custom_padding=&#8221;46px||0px|||&#8221; global_colors_info=&#8221;{}&#8221;][et_pb_row column_structure=&#8221;1_5,1_5,1_5,1_5,1_5&#8243; _builder_version=&#8221;4.27.4&#8243; _module_preset=&#8221;default&#8221; max_width=&#8221;1461px&#8221; global_colors_info=&#8221;{}&#8221; min_height=&#8221;265.9px&#8221;][et_pb_column type=&#8221;1_5&#8243; _builder_version=&#8221;4.27.4&#8243; _module_preset=&#8221;default&#8221; global_colors_info=&#8221;{}&#8221;][et_pb_image src=&#8221;https:\/\/mayfairslaw.com\/wp-content\/uploads\/2025\/10\/1000044682-scaled.jpg&#8221; title_text=&#8221;1000044682&#8243; _builder_version=&#8221;4.27.4&#8243; _module_preset=&#8221;default&#8221; global_colors_info=&#8221;{}&#8221;][\/et_pb_image][\/et_pb_column][et_pb_column type=&#8221;1_5&#8243; _builder_version=&#8221;4.27.4&#8243; _module_preset=&#8221;default&#8221; global_colors_info=&#8221;{}&#8221;][et_pb_image src=&#8221;https:\/\/mayfairslaw.com\/wp-content\/uploads\/2025\/10\/mm-1-scaled.jpg&#8221; title_text=&#8221;mm&#8221; _builder_version=&#8221;4.27.4&#8243; _module_preset=&#8221;default&#8221; global_colors_info=&#8221;{}&#8221;][\/et_pb_image][\/et_pb_column][et_pb_column type=&#8221;1_5&#8243; _builder_version=&#8221;4.27.4&#8243; _module_preset=&#8221;default&#8221; global_colors_info=&#8221;{}&#8221;][et_pb_image src=&#8221;https:\/\/mayfairslaw.com\/wp-content\/uploads\/2025\/10\/vbncvbcgf.png&#8221; title_text=&#8221;vbncvbcgf&#8221; _builder_version=&#8221;4.27.4&#8243; _module_preset=&#8221;default&#8221; global_colors_info=&#8221;{}&#8221;][\/et_pb_image][\/et_pb_column][et_pb_column type=&#8221;1_5&#8243; _builder_version=&#8221;4.27.4&#8243; _module_preset=&#8221;default&#8221; global_colors_info=&#8221;{}&#8221;][et_pb_image src=&#8221;https:\/\/mayfairslaw.com\/wp-content\/uploads\/2025\/10\/1000044676.png&#8221; title_text=&#8221;1000044676&#8243; _builder_version=&#8221;4.27.4&#8243; _module_preset=&#8221;default&#8221; global_colors_info=&#8221;{}&#8221;][\/et_pb_image][\/et_pb_column][et_pb_column type=&#8221;1_5&#8243; _builder_version=&#8221;4.27.4&#8243; _module_preset=&#8221;default&#8221; global_colors_info=&#8221;{}&#8221;][et_pb_image src=&#8221;https:\/\/mayfairslaw.com\/wp-content\/uploads\/2025\/10\/1000044657.png&#8221; title_text=&#8221;1000044657&#8243; _builder_version=&#8221;4.27.4&#8243; _module_preset=&#8221;default&#8221; global_colors_info=&#8221;{}&#8221;][\/et_pb_image][\/et_pb_column][\/et_pb_row][et_pb_row _builder_version=&#8221;4.27.4&#8243; _module_preset=&#8221;default&#8221; column_structure=&#8221;1_5,1_5,1_5,1_5,1_5&#8243; hover_enabled=&#8221;0&#8243; sticky_enabled=&#8221;0&#8243; custom_padding=&#8221;|0px||0px|false|false&#8221; width=&#8221;100%&#8221; custom_margin=&#8221;6px|480px||268px|false|false&#8221; max_width=&#8221;1519px&#8221; module_alignment=&#8221;center&#8221;][et_pb_column _builder_version=&#8221;4.27.4&#8243; _module_preset=&#8221;default&#8221; type=&#8221;1_5&#8243;][et_pb_text _builder_version=&#8221;4.27.4&#8243; _module_preset=&#8221;default&#8221; hover_enabled=&#8221;0&#8243; sticky_enabled=&#8221;0&#8243;]<\/p>\n<h1 style=\"text-align: center; padding-left: 40px;\"><strong><span style=\"color: #ffffff;\">HEKTOR LAHI<\/span><\/strong><\/h1>\n<p>[\/et_pb_text][\/et_pb_column][et_pb_column _builder_version=&#8221;4.27.4&#8243; _module_preset=&#8221;default&#8221; type=&#8221;1_5&#8243;][et_pb_text _builder_version=&#8221;4.27.4&#8243; _module_preset=&#8221;default&#8221; hover_enabled=&#8221;0&#8243; sticky_enabled=&#8221;0&#8243;]<\/p>\n<h2 style=\"text-align: center; padding-left: 40px;\"><span style=\"color: #ffffff;\"><strong>ARSHAD MOHAMMED<\/strong><\/span><\/h2>\n<p>[\/et_pb_text][\/et_pb_column][et_pb_column _builder_version=&#8221;4.27.4&#8243; _module_preset=&#8221;default&#8221; type=&#8221;1_5&#8243;][et_pb_text _builder_version=&#8221;4.27.4&#8243; _module_preset=&#8221;default&#8221; hover_enabled=&#8221;0&#8243; sticky_enabled=&#8221;0&#8243;]<\/p>\n<h1 style=\"text-align: center;\"><span style=\"color: #ffffff;\"><strong>ALEKSANDER MUSKAJ\u00a0<\/strong><\/span><\/h1>\n<p>[\/et_pb_text][\/et_pb_column][et_pb_column _builder_version=&#8221;4.27.4&#8243; _module_preset=&#8221;default&#8221; type=&#8221;1_5&#8243;][et_pb_text _builder_version=&#8221;4.27.4&#8243; _module_preset=&#8221;default&#8221; hover_enabled=&#8221;0&#8243; sticky_enabled=&#8221;0&#8243;]<\/p>\n<h1 style=\"text-align: left;\"><span style=\"color: #ffffff;\"><strong>ASGHAR BUKHARI<\/strong><\/span><\/h1>\n<p>[\/et_pb_text][\/et_pb_column][et_pb_column _builder_version=&#8221;4.27.4&#8243; _module_preset=&#8221;default&#8221; type=&#8221;1_5&#8243;][et_pb_text _builder_version=&#8221;4.27.4&#8243; _module_preset=&#8221;default&#8221; hover_enabled=&#8221;0&#8243; sticky_enabled=&#8221;0&#8243;]<\/p>\n<h1 style=\"text-align: left;\"><span style=\"color: #ffffff;\"><strong>\u00a0 \u00a0HIFZA NUYANI<\/strong><\/span><\/h1>\n<p>[\/et_pb_text][\/et_pb_column][\/et_pb_row][et_pb_row column_structure=&#8221;1_5,1_5,1_5,1_5,1_5&#8243; _builder_version=&#8221;4.27.4&#8243; _module_preset=&#8221;default&#8221; max_width=&#8221;1461px&#8221; global_colors_info=&#8221;{}&#8221;][et_pb_column type=&#8221;1_5&#8243; _builder_version=&#8221;4.27.4&#8243; _module_preset=&#8221;default&#8221; global_colors_info=&#8221;{}&#8221;][et_pb_image src=&#8221;https:\/\/mayfairslaw.com\/wp-content\/uploads\/2025\/10\/1000044655.png&#8221; title_text=&#8221;1000044655&#8243; _builder_version=&#8221;4.27.4&#8243; _module_preset=&#8221;default&#8221; global_colors_info=&#8221;{}&#8221;][\/et_pb_image][\/et_pb_column][et_pb_column type=&#8221;1_5&#8243; _builder_version=&#8221;4.27.4&#8243; _module_preset=&#8221;default&#8221; global_colors_info=&#8221;{}&#8221;][et_pb_image src=&#8221;https:\/\/mayfairslaw.com\/wp-content\/uploads\/2025\/10\/1000044659.png&#8221; title_text=&#8221;1000044659&#8243; _builder_version=&#8221;4.27.4&#8243; _module_preset=&#8221;default&#8221; global_colors_info=&#8221;{}&#8221;][\/et_pb_image][\/et_pb_column][et_pb_column type=&#8221;1_5&#8243; _builder_version=&#8221;4.27.4&#8243; _module_preset=&#8221;default&#8221; global_colors_info=&#8221;{}&#8221;][et_pb_image src=&#8221;https:\/\/mayfairslaw.com\/wp-content\/uploads\/2025\/10\/1000044656.png&#8221; title_text=&#8221;1000044656&#8243; _builder_version=&#8221;4.27.4&#8243; _module_preset=&#8221;default&#8221; global_colors_info=&#8221;{}&#8221;][\/et_pb_image][\/et_pb_column][et_pb_column type=&#8221;1_5&#8243; _builder_version=&#8221;4.27.4&#8243; _module_preset=&#8221;default&#8221; global_colors_info=&#8221;{}&#8221;][et_pb_image src=&#8221;https:\/\/mayfairslaw.com\/wp-content\/uploads\/2025\/10\/jghjkytjyt.png&#8221; title_text=&#8221;jghjkytjyt&#8221; _builder_version=&#8221;4.27.4&#8243; _module_preset=&#8221;default&#8221; min_height=&#8221;198.5px&#8221; global_colors_info=&#8221;{}&#8221;][\/et_pb_image][\/et_pb_column][et_pb_column type=&#8221;1_5&#8243; _builder_version=&#8221;4.27.4&#8243; _module_preset=&#8221;default&#8221; global_colors_info=&#8221;{}&#8221;][et_pb_image src=&#8221;https:\/\/mayfairslaw.com\/wp-content\/uploads\/2025\/10\/1000044658.png&#8221; title_text=&#8221;1000044658&#8243; _builder_version=&#8221;4.27.4&#8243; _module_preset=&#8221;default&#8221; global_colors_info=&#8221;{}&#8221;][\/et_pb_image][\/et_pb_column][\/et_pb_row][et_pb_row _builder_version=&#8221;4.27.4&#8243; _module_preset=&#8221;default&#8221; column_structure=&#8221;1_5,1_5,1_5,1_5,1_5&#8243; hover_enabled=&#8221;0&#8243; sticky_enabled=&#8221;0&#8243; custom_padding=&#8221;|0px||0px|false|false&#8221; width=&#8221;100%&#8221; custom_margin=&#8221;6px|480px||268px|false|false&#8221; max_width=&#8221;1519px&#8221; module_alignment=&#8221;center&#8221;][et_pb_column _builder_version=&#8221;4.27.4&#8243; _module_preset=&#8221;default&#8221; type=&#8221;1_5&#8243;][et_pb_text _builder_version=&#8221;4.27.4&#8243; _module_preset=&#8221;default&#8221; hover_enabled=&#8221;0&#8243; sticky_enabled=&#8221;0&#8243;]<\/p>\n<h1 style=\"text-align: center; padding-left: 40px;\"><strong><span style=\"color: #ffffff;\">ADMIR DEGA<\/span><\/strong><\/h1>\n<p>[\/et_pb_text][\/et_pb_column][et_pb_column _builder_version=&#8221;4.27.4&#8243; _module_preset=&#8221;default&#8221; type=&#8221;1_5&#8243;][et_pb_text _builder_version=&#8221;4.27.4&#8243; _module_preset=&#8221;default&#8221; hover_enabled=&#8221;0&#8243; sticky_enabled=&#8221;0&#8243;]<\/p>\n<h2 style=\"text-align: center; padding-left: 40px;\"><span style=\"color: #ffffff;\"><strong>ADELA DEMUCAJ<\/strong><\/span><\/h2>\n<p>[\/et_pb_text][\/et_pb_column][et_pb_column _builder_version=&#8221;4.27.4&#8243; _module_preset=&#8221;default&#8221; type=&#8221;1_5&#8243;][et_pb_text _builder_version=&#8221;4.27.4&#8243; _module_preset=&#8221;default&#8221; hover_enabled=&#8221;0&#8243; sticky_enabled=&#8221;0&#8243;]<\/p>\n<h1 style=\"text-align: center;\"><span style=\"color: #ffffff;\"><strong>LEDINA ZENELI<\/strong><\/span><\/h1>\n<p>[\/et_pb_text][\/et_pb_column][et_pb_column _builder_version=&#8221;4.27.4&#8243; _module_preset=&#8221;default&#8221; type=&#8221;1_5&#8243;][et_pb_text _builder_version=&#8221;4.27.4&#8243; _module_preset=&#8221;default&#8221; hover_enabled=&#8221;0&#8243; sticky_enabled=&#8221;0&#8243;]<\/p>\n<h1 style=\"text-align: left;\"><span style=\"color: #ffffff;\"><strong>\u00a0 \u00a0MIRJAN RAMAJ<\/strong><\/span><\/h1>\n<p>[\/et_pb_text][\/et_pb_column][et_pb_column _builder_version=&#8221;4.27.4&#8243; _module_preset=&#8221;default&#8221; type=&#8221;1_5&#8243;][et_pb_text _builder_version=&#8221;4.27.4&#8243; _module_preset=&#8221;default&#8221; hover_enabled=&#8221;0&#8243; sticky_enabled=&#8221;0&#8243;]<\/p>\n<h1><span style=\"color: #ffffff;\"><strong>\u00a0 \u00a0 EIRINI BANAI<\/strong><\/span><\/h1>\n<p>[\/et_pb_text][\/et_pb_column][\/et_pb_row][\/et_pb_section]<\/p>\n","protected":false},"excerpt":{"rendered":"<p>Home Meet our team Our Solictors MEET OUR TEAM<div class=\"et_pb_module dipl_double_color_heading dipl_double_color_heading_0\">\n\t\t\t\t\n\t\t\t\t\n\t\t\t\t\n\t\t\t\t\n\t\t\t\t\n\t\t\t\t\n\t\t\t\t<div class=\"et_pb_module_inner\">\n\t\t\t\t\t<div class=\"dipl_text_wrapper\"><h2><span class=\"dipl_pre_text\">AVOKAT\u00cb T\u00cb LIGJIT MAYFAIRS<\/span><\/h2><\/div>\n\t\t\t\t<\/div>\n\t\t\t<\/div>HEKTOR LAHIARSHAD MOHAMMEDALEKSANDER MUSKAJ\u00a0ASGHAR BUKHARI\u00a0 \u00a0HIFZA NUYANIADMIR DEGAADELA DEMUCAJLEDINA ZENELI\u00a0 \u00a0MIRJAN RAMAJ\u00a0 \u00a0 EIRINI BANAI<\/p>","protected":false},"author":1,"featured_media":0,"parent":0,"menu_order":0,"comment_status":"closed","ping_status":"closed","template":"","meta":{"_et_pb_use_builder":"on","_et_pb_old_content":"","_et_gb_content_width":"","footnotes":""},"class_list":["post-81","page","type-page","status-publish","hentry"],"yoast_head":"<!-- This site is optimized with the Yoast SEO Premium plugin v27.0 (Yoast SEO v27.5) - https:\/\/yoast.com\/product\/yoast-seo-premium-wordpress\/ -->\n<title>Meet Our Team - Mayfairs Law Solicitors<\/title>\n<meta name=\"description\" content=\"Immigration &amp; Crime Solicitors in London. Asylum, Driving offences, divorce &amp; family, litigation, commercial conveyancing\" \/>\n<meta name=\"robots\" content=\"index, follow, max-snippet:-1, max-image-preview:large, max-video-preview:-1\" \/>\n<link rel=\"canonical\" href=\"https:\/\/mayfairslaw.com\/sq\/takohuni-me-ekipin-tone\/\" \/>\n<meta property=\"og:locale\" content=\"sq_AL\" \/>\n<meta property=\"og:type\" content=\"article\" \/>\n<meta property=\"og:title\" content=\"Meet Our Team\" \/>\n<meta property=\"og:description\" content=\"Immigration &amp; Crime Solicitors in London. Asylum, Driving offences, divorce &amp; family, litigation, commercial conveyancing\" \/>\n<meta property=\"og:url\" content=\"https:\/\/mayfairslaw.com\/sq\/takohuni-me-ekipin-tone\/\" \/>\n<meta property=\"og:site_name\" content=\"Mayfairs Law Solicitors\" \/>\n<meta property=\"article:modified_time\" content=\"2025-10-03T19:27:46+00:00\" \/>\n<meta name=\"twitter:card\" content=\"summary_large_image\" \/>\n<meta name=\"twitter:label1\" content=\"Est. reading time\" \/>\n\t<meta name=\"twitter:data1\" content=\"3 minuta\" \/>\n<script type=\"application\/ld+json\" class=\"yoast-schema-graph\">{\"@context\":\"https:\\\/\\\/schema.org\",\"@graph\":[{\"@type\":\"WebPage\",\"@id\":\"https:\\\/\\\/mayfairslaw.com\\\/meet-our-team\\\/\",\"url\":\"https:\\\/\\\/mayfairslaw.com\\\/meet-our-team\\\/\",\"name\":\"Meet Our Team - Mayfairs Law Solicitors\",\"isPartOf\":{\"@id\":\"https:\\\/\\\/mayfairslaw.com\\\/#website\"},\"datePublished\":\"2020-11-03T06:09:36+00:00\",\"dateModified\":\"2025-10-03T19:27:46+00:00\",\"description\":\"Immigration & Crime Solicitors in London. Asylum, Driving offences, divorce & family, litigation, commercial conveyancing\",\"breadcrumb\":{\"@id\":\"https:\\\/\\\/mayfairslaw.com\\\/meet-our-team\\\/#breadcrumb\"},\"inLanguage\":\"sq\",\"potentialAction\":[{\"@type\":\"ReadAction\",\"target\":[\"https:\\\/\\\/mayfairslaw.com\\\/meet-our-team\\\/\"]}]},{\"@type\":\"BreadcrumbList\",\"@id\":\"https:\\\/\\\/mayfairslaw.com\\\/meet-our-team\\\/#breadcrumb\",\"itemListElement\":[{\"@type\":\"ListItem\",\"position\":1,\"name\":\"Home\",\"item\":\"https:\\\/\\\/mayfairslaw.com\\\/\"},{\"@type\":\"ListItem\",\"position\":2,\"name\":\"Meet Our Team\"}]},{\"@type\":\"WebSite\",\"@id\":\"https:\\\/\\\/mayfairslaw.com\\\/#website\",\"url\":\"https:\\\/\\\/mayfairslaw.com\\\/\",\"name\":\"Mayfairs Law Solicitors\",\"description\":\"Immigration And Criminal Defence Specialists\",\"publisher\":{\"@id\":\"https:\\\/\\\/mayfairslaw.com\\\/#organization\"},\"potentialAction\":[{\"@type\":\"SearchAction\",\"target\":{\"@type\":\"EntryPoint\",\"urlTemplate\":\"https:\\\/\\\/mayfairslaw.com\\\/?s={search_term_string}\"},\"query-input\":{\"@type\":\"PropertyValueSpecification\",\"valueRequired\":true,\"valueName\":\"search_term_string\"}}],\"inLanguage\":\"sq\"},{\"@type\":[\"Organization\",\"Place\"],\"@id\":\"https:\\\/\\\/mayfairslaw.com\\\/#organization\",\"name\":\"Mayfairs Law Solicitors\",\"url\":\"https:\\\/\\\/mayfairslaw.com\\\/\",\"logo\":{\"@id\":\"https:\\\/\\\/mayfairslaw.com\\\/meet-our-team\\\/#local-main-organization-logo\"},\"image\":{\"@id\":\"https:\\\/\\\/mayfairslaw.com\\\/meet-our-team\\\/#local-main-organization-logo\"},\"address\":{\"@id\":\"https:\\\/\\\/mayfairslaw.com\\\/meet-our-team\\\/#local-main-place-address\"},\"telephone\":[\"02081254125\"],\"contactPoint\":{\"@type\":\"ContactPoint\",\"telephone\":\"02081254125\",\"email\":\"info@mayfairslaw.com\"},\"openingHoursSpecification\":[{\"@type\":\"OpeningHoursSpecification\",\"dayOfWeek\":[\"Monday\",\"Tuesday\",\"Wednesday\",\"Thursday\",\"Friday\"],\"opens\":\"09:00\",\"closes\":\"17:00\"},{\"@type\":\"OpeningHoursSpecification\",\"dayOfWeek\":[\"Saturday\",\"Sunday\"],\"opens\":\"00:00\",\"closes\":\"00:00\"}],\"email\":\"admir@mayfairslaw.com\",\"faxNumber\":\"02081254126\",\"vatID\":\"339 719561\"},{\"@type\":\"PostalAddress\",\"@id\":\"https:\\\/\\\/mayfairslaw.com\\\/meet-our-team\\\/#local-main-place-address\",\"streetAddress\":\"59, Cranbrook Road\",\"addressLocality\":\"Ilford\",\"postalCode\":\"IG1 4PG\",\"addressRegion\":\"LONDON\",\"addressCountry\":\"GB\"},{\"@type\":\"ImageObject\",\"inLanguage\":\"sq\",\"@id\":\"https:\\\/\\\/mayfairslaw.com\\\/meet-our-team\\\/#local-main-organization-logo\",\"url\":\"https:\\\/\\\/mayfairslaw.com\\\/wp-content\\\/uploads\\\/2024\\\/02\\\/MAYFAIRS-LAW-SOLICITORS-e1708116418535.png\",\"contentUrl\":\"https:\\\/\\\/mayfairslaw.com\\\/wp-content\\\/uploads\\\/2024\\\/02\\\/MAYFAIRS-LAW-SOLICITORS-e1708116418535.png\",\"width\":453,\"height\":55,\"caption\":\"Mayfairs Law Solicitors\"}]}<\/script>\n<meta name=\"geo.placename\" content=\"Ilford\" \/>\n<meta name=\"geo.region\" content=\"United Kingdom (UK)\" \/>\n<!-- \/ Yoast SEO Premium plugin. -->","yoast_head_json":{"title":"Njihuni me Ekipin Ton\u00eb - Avokat\u00ebt e Ligjit n\u00eb Mayfairs","description":"Avokat\u00eb p\u00ebr Imigracionin dhe Krimin n\u00eb Lond\u00ebr. Azil, Kund\u00ebrvajtje n\u00eb Drejtimin e Automjeteve, divorc dhe familje, litigacion, transferime tregtare pron\u00ebsie.","robots":{"index":"index","follow":"follow","max-snippet":"max-snippet:-1","max-image-preview":"max-image-preview:large","max-video-preview":"max-video-preview:-1"},"canonical":"https:\/\/mayfairslaw.com\/sq\/takohuni-me-ekipin-tone\/","og_locale":"sq_AL","og_type":"article","og_title":"Meet Our Team","og_description":"Immigration & Crime Solicitors in London. Asylum, Driving offences, divorce & family, litigation, commercial conveyancing","og_url":"https:\/\/mayfairslaw.com\/sq\/takohuni-me-ekipin-tone\/","og_site_name":"Mayfairs Law Solicitors","article_modified_time":"2025-10-03T19:27:46+00:00","twitter_card":"summary_large_image","twitter_misc":{"Est. reading time":"3 minuta"},"schema":{"@context":"https:\/\/schema.org","@graph":[{"@type":"WebPage","@id":"https:\/\/mayfairslaw.com\/meet-our-team\/","url":"https:\/\/mayfairslaw.com\/meet-our-team\/","name":"Njihuni me Ekipin Ton\u00eb - Avokat\u00ebt e Ligjit n\u00eb Mayfairs","isPartOf":{"@id":"https:\/\/mayfairslaw.com\/#website"},"datePublished":"2020-11-03T06:09:36+00:00","dateModified":"2025-10-03T19:27:46+00:00","description":"Avokat\u00eb p\u00ebr Imigracionin dhe Krimin n\u00eb Lond\u00ebr. Azil, Kund\u00ebrvajtje n\u00eb Drejtimin e Automjeteve, divorc dhe familje, litigacion, transferime tregtare pron\u00ebsie.","breadcrumb":{"@id":"https:\/\/mayfairslaw.com\/meet-our-team\/#breadcrumb"},"inLanguage":"sq","potentialAction":[{"@type":"ReadAction","target":["https:\/\/mayfairslaw.com\/meet-our-team\/"]}]},{"@type":"BreadcrumbList","@id":"https:\/\/mayfairslaw.com\/meet-our-team\/#breadcrumb","itemListElement":[{"@type":"ListItem","position":1,"name":"Home","item":"https:\/\/mayfairslaw.com\/"},{"@type":"ListItem","position":2,"name":"Meet Our Team"}]},{"@type":"WebSite","@id":"https:\/\/mayfairslaw.com\/#website","url":"https:\/\/mayfairslaw.com\/","name":"Avokat\u00ebt e Mayfairs","description":"Specialist\u00eb t\u00eb Imigracionit dhe Mbrojtjes Penale","publisher":{"@id":"https:\/\/mayfairslaw.com\/#organization"},"potentialAction":[{"@type":"SearchAction","target":{"@type":"EntryPoint","urlTemplate":"https:\/\/mayfairslaw.com\/?s={search_term_string}"},"query-input":{"@type":"PropertyValueSpecification","valueRequired":true,"valueName":"search_term_string"}}],"inLanguage":"sq"},{"@type":["Organization","Place"],"@id":"https:\/\/mayfairslaw.com\/#organization","name":"Avokat\u00ebt e Mayfairs","url":"https:\/\/mayfairslaw.com\/","logo":{"@id":"https:\/\/mayfairslaw.com\/meet-our-team\/#local-main-organization-logo"},"image":{"@id":"https:\/\/mayfairslaw.com\/meet-our-team\/#local-main-organization-logo"},"address":{"@id":"https:\/\/mayfairslaw.com\/meet-our-team\/#local-main-place-address"},"telephone":["02081254125"],"contactPoint":{"@type":"ContactPoint","telephone":"02081254125","email":"info@mayfairslaw.com"},"openingHoursSpecification":[{"@type":"OpeningHoursSpecification","dayOfWeek":["Monday","Tuesday","Wednesday","Thursday","Friday"],"opens":"09:00","closes":"17:00"},{"@type":"OpeningHoursSpecification","dayOfWeek":["Saturday","Sunday"],"opens":"00:00","closes":"00:00"}],"email":"admir@mayfairslaw.com","faxNumber":"02081254126","vatID":"339 719561"},{"@type":"PostalAddress","@id":"https:\/\/mayfairslaw.com\/meet-our-team\/#local-main-place-address","streetAddress":"59, Cranbrook Road","addressLocality":"Ilford","postalCode":"IG1 4PG","addressRegion":"LONDON","addressCountry":"GB"},{"@type":"ImageObject","inLanguage":"sq","@id":"https:\/\/mayfairslaw.com\/meet-our-team\/#local-main-organization-logo","url":"https:\/\/mayfairslaw.com\/wp-content\/uploads\/2024\/02\/MAYFAIRS-LAW-SOLICITORS-e1708116418535.png","contentUrl":"https:\/\/mayfairslaw.com\/wp-content\/uploads\/2024\/02\/MAYFAIRS-LAW-SOLICITORS-e1708116418535.png","width":453,"height":55,"caption":"Mayfairs Law Solicitors"}]},"geo.placename":"Ilford","geo.region":"United Kingdom (UK)"},"_links":{"self":[{"href":"https:\/\/mayfairslaw.com\/sq\/wp-json\/wp\/v2\/pages\/81","targetHints":{"allow":["GET"]}}],"collection":[{"href":"https:\/\/mayfairslaw.com\/sq\/wp-json\/wp\/v2\/pages"}],"about":[{"href":"https:\/\/mayfairslaw.com\/sq\/wp-json\/wp\/v2\/types\/page"}],"author":[{"embeddable":true,"href":"https:\/\/mayfairslaw.com\/sq\/wp-json\/wp\/v2\/users\/1"}],"replies":[{"embeddable":true,"href":"https:\/\/mayfairslaw.com\/sq\/wp-json\/wp\/v2\/comments?post=81"}],"version-history":[{"count":0,"href":"https:\/\/mayfairslaw.com\/sq\/wp-json\/wp\/v2\/pages\/81\/revisions"}],"wp:attachment":[{"href":"https:\/\/mayfairslaw.com\/sq\/wp-json\/wp\/v2\/media?parent=81"}],"curies":[{"name":"wp","href":"https:\/\/api.w.org\/{rel}","templated":true}]}}